{"id":75,"date":"2025-12-31T11:40:10","date_gmt":"2025-12-31T11:40:10","guid":{"rendered":"https:\/\/printbear.teleschirm.org\/?post_type=product&#038;p=75"},"modified":"2025-12-31T11:44:22","modified_gmt":"2025-12-31T11:44:22","slug":"schutzcover-mit-vordach-fur-nuki-keypad-2-0-in-schwarz","status":"publish","type":"product","link":"https:\/\/printbear.teleschirm.org\/?product=schutzcover-mit-vordach-fur-nuki-keypad-2-0-in-schwarz","title":{"rendered":"Schutzcover mit Vordach f\u00fcr Nuki Keypad 2.0 in Schwarz"},"content":{"rendered":"<p><span style=\"font-family: Arial, serif;\"><b>Schutzcover mit Vordach f\u00fcr Nuki Keypad 2.0 in Schwarz &#8211; klappbare Version<\/b><\/span><\/p>\n<p><span style=\"font-family: Times New Roman, serif;\"><span style=\"font-size: medium;\"><span style=\"color: #000000;\"><span style=\"font-family: Arial, serif;\">(&gt;&gt;NUKI Keypad\u00a0<\/span><\/span><span style=\"color: #000000;\"><span style=\"font-family: Arial, serif;\"><u>mit<\/u><\/span><\/span><span style=\"color: #000000;\"><span style=\"font-family: Arial, serif;\">\u00a0Fingerabdrucksensor&lt;&lt;)<\/span><\/span><\/span><\/span><\/p>\n<p><span style=\"color: #000000;\"><span style=\"font-family: Arial, serif;\"><span style=\"font-size: small;\"><b><br \/>\n<\/b><\/span><\/span><\/span><span style=\"color: #000000;\"><span style=\"font-family: Arial, serif;\">Um ein Nuki Keypad richtig nutzen zu k\u00f6nnen muss es i.d.R. vor der Wohnungs-\/Haust\u00fcre angebracht werden.<\/span><\/span><\/p>\n<p>Leider ist das Keypad nicht g\u00fcnstig und werksseitig auch nicht vor Diebstahl und Vandalismus gesch\u00fctzt.<br \/>\nDie Grundplatte wird werksseitig nur auf die Wand geklebt und das eigentliche Keypad lediglich aufgesteckt.<br \/>\nSo kann jeder das Keypad sehr leicht abziehen und entwenden.<\/p>\n<p><span style=\"font-family: Times New Roman, serif;\"><span style=\"font-size: medium;\"><span style=\"color: #000000;\"><span style=\"font-family: Arial, serif;\">Daher habe ich nach einer L\u00f6sung gesucht, um den werkzeuglosen Diebstahl zu verhindern.<\/span><\/span><\/span><\/span><\/p>\n<p>Das Keypad 2.0 wird nach erfolgter Montage der Halterung in diese eingesetzt und der Rahmen von oben \u00fcber das Keypad geklappt.<br \/>\nDer Rahmen wird anschlie\u00dfend an der Unterseite mit einer Sicherheitsschraube mit der Halterung verschraubt.<\/p>\n<p><span style=\"font-family: Times New Roman, serif;\"><span style=\"font-size: medium;\"><span style=\"color: #000000;\"><span style=\"font-family: Arial, serif;\">So ist ein einfaches Entwenden oder Abziehen nicht mehr m\u00f6glich.<\/span><\/span><\/span><\/span><\/p>\n<p>Ein einfacher Batteriewechsel ist dadurch gegeben, dass die Halterung nicht mehr von der Wand gel\u00f6st werden muss.<br \/>\nEs wird nur die untere Sicherheitsschraube entfernt, der Rahmen nach oben geklappt und das Keypad kann zum Batteriewechsel entnommen werden.<br \/>\nDie Halterung kann hierbei auf der Wand oder am T\u00fcrrahmen verschraubt oder geklebt bleiben.<\/p>\n<p>Die Seiten des Schutzcovers sind schr\u00e4g gestaltet um vor stumpfer Einwirkung zu sch\u00fctzen, diese abzuleiten und eine Besch\u00e4digung dahingehend zu verhindern.<br \/>\nUm einen h\u00f6heren Witterungsschutz zu erreichen und um stumpfe Einwirkungen, auch von vorne weiter zu reduzieren, hat das Schutzcover zus\u00e4tzlich ein kleines Vordach und seitliche Flanken.<br \/>\nEine Bedienung des Nummernfeldes ist dennoch weiterhin m\u00f6glich.<br \/>\nIch habe hier versucht einen guten Mittelweg zwischen Schutz und Bedienung zu finden.<\/p>\n<p>Ich hoffe das dieses Schutzcover auch Sie vor Dieben, Vandalen oder einfach nur vor unvorsichtigen Nachbarn sch\u00fctzt.<\/p>\n<p>&nbsp;<\/p>\n<p><span style=\"font-family: Arial, serif;\"><u>Inhalt:<\/u><\/span> <span style=\"color: #000000;\"><span style=\"font-family: Arial, serif;\">-&gt;<\/span><\/span><span style=\"font-family: Arial, serif;\"> in <\/span><span style=\"font-family: Arial, serif;\">Schwarz<\/span><span style=\"color: #000000;\"><span style=\"font-family: Arial, serif;\"><br \/>\n<\/span><\/span><\/p>\n<p><u>Einsatzort:<\/u><\/p>\n<p>Bei Auswahl:\u00a0<u>&#8211; Innen &#8211;<\/u><span style=\"font-family: Arial, serif; font-size: small;\"><br \/>\nDas Schutzcover wird in PLA-Kunststoff hergestellt.<\/span><br \/>\nDieser Kunststoff ist fein druckbar,\u00a0was optimal f\u00fcr\u00a0optisch h\u00f6here Anspr\u00fcche ist.<br \/>\nDie\u00a0Farbgebung ist eher Matt.<br \/>\nEr ist bis ca. 60\u00b0C temperaturstabil und wird f\u00fcr\u00a0den Innenbereich<br \/>\nund Bereiche die nicht in direkter Sonneneinstrahlung liegen empfohlen.<\/p>\n<p><b>Der Kunststoff PLA wird aus nachwachsenden Rohstoffen hergestellt und ist nach DIN EN 13432 kompostierbar.<br \/>\nEs ist daher umweltvertr\u00e4glicher als andere vergleichbare Kunststoffe.<\/b><\/p>\n<p>Bei Auswahl:\u00a0<u>&#8211; Au\u00dfen &#8211;<b><br \/>\n<\/b><\/u>Das Schutzcover wird in PET-G Kunststoff hergestellt.<br \/>\nDieser Kunststoff ist sehr witterungsbest\u00e4ndig.<br \/>\nDie Farbgebung ist leicht gl\u00e4nzend.<br \/>\nPET-G ist bis ca. 80\u00b0C temperaturstabil und wird f\u00fcr den Au\u00dfenbereich empfohlen.<br \/>\n<span style=\"font-family: Arial, serif; font-size: small;\">Um eine lange Freude an dem Produkt, wird eine Montage in nicht dauerhafter direkter Sonneneinstrahlung dennoch empfohlen.<\/span><\/p>\n<p><b>PET-G ist bis zu 100%\u00a0<\/b><b>recycelbar.\u00a0<\/b><b><br \/>\n<\/b><\/p>\n<p><span style=\"font-size: large;\"><u>Montageart:<\/u>\u00a0<\/span><\/p>\n<p><span style=\"font-family: Times New Roman, serif;\"><span style=\"font-size: medium;\"><span style=\"color: #000000;\"><span style=\"font-family: Arial, serif;\">Bei Auswahl:\u00a0<\/span><\/span><span style=\"color: #000000;\"><span style=\"font-family: Arial, serif;\"><u>&#8211; Montageart Flach &#8211;<\/u><\/span><\/span><span style=\"color: #000000;\"><span style=\"font-family: Arial, serif;\"><span style=\"font-size: small;\"><br \/>\n1x Schutzcover\u00a0Halter f\u00fcr Nuki Keypad 2.0<br \/>\n1x Schutzcover Rahmen mit Vordach<br \/>\n1x Edelstahlsicherheitsschraube (Torx mit Pin) und passendem Bit TXR20<br \/>\nMa\u00dfe (LxBxH) gesamt: 154x45x29mm<\/span><\/span><\/span><\/span><\/span><\/p>\n<p><span style=\"color: #000000;\"><span style=\"font-family: Arial, serif;\">Bei Auswahl:\u00a0<\/span><\/span><span style=\"color: #000000;\"><span style=\"font-family: Arial, serif;\"><u>&#8211; Montageart Ecke\/Schr\u00e4g 45\u00b0 &#8211;<\/u><\/span><\/span><span style=\"color: #000000;\"><span style=\"font-family: Arial, serif;\"><span style=\"font-size: small;\"><br \/>\n1x Schutzcover\u00a0Halter f\u00fcr Nuki Keypad 2.0<br \/>\n1x Schutzcover Rahmen mit Vordach<br \/>\n1x Edelstahlsicherheitsschraube (Torx mit Pin) und passendem Bit TXR20<br \/>\n<\/span><\/span><\/span><span style=\"color: #000000;\"><span style=\"font-family: Arial, serif;\"><span style=\"font-size: small;\"><b>+ zus\u00e4tzlich:<\/b><\/span><\/span><\/span><span style=\"color: #000000;\"><span style=\"font-family: Arial, serif;\"><span style=\"font-size: small;\"> 1x 45\u00b0 Winkeladapter f\u00fcr die Montage in Ecken, oder zu Schr\u00e4gstellung des flachen Schutzcovers.<br \/>\nInkl. 2x Verbindungsschrauben T20 mit dem Schutzcover.<br \/>\nMa\u00dfe (LxBxH) gesamt: 154x54x57mm<\/span><\/span><\/span><\/p>\n<p>-&gt; Ein sp\u00e4teres Anbringen des Winkeladapter ist auch m\u00f6glich.\u00a0\u00a0<i><\/i><\/p>\n<p><span style=\"color: #000000;\"><span style=\"font-family: Arial, serif;\"><u>Befestigungsmaterial:<\/u><\/span><\/span><i><\/i><\/p>\n<p><span style=\"color: #000000;\"><span style=\"font-family: Arial, serif;\">Bei Auswahl:\u00a0<\/span><\/span><span style=\"color: #000000;\"><span style=\"font-family: Arial, serif;\"><u>&#8211;\u00a0Montageset Schrauben &#8211;<\/u><\/span><\/span><span style=\"color: #000000;\"><span style=\"font-family: Arial, serif;\"><span style=\"font-size: small;\"><br \/>\nist zus\u00e4tzlich enthalten:<br \/>\n<\/span><\/span><\/span><i>2x 4,0x35mm Spax* Senkkopfschrauben\u00a0(passender Bit ist mit im Inhalt)<br \/>\n2x 6mm Fischer* Duo D\u00fcbel<\/i><\/p>\n<p><span style=\"color: #000000;\"><span style=\"font-family: Arial, serif;\">Bei Auswahl:\u00a0<\/span><\/span><span style=\"color: #000000;\"><span style=\"font-family: Arial, serif;\"><u>&#8211;\u00a0Montageset Kleben &#8211;<\/u><\/span><\/span><span style=\"color: #000000;\"><span style=\"font-family: Arial, serif;\"><span style=\"font-size: small;\"><br \/>\nist zus\u00e4tzlich enthalten:<br \/>\n2x Tesa* Powerstrips* -&gt; f\u00fcr eine Montage im gesch\u00fctzten Bereich z.B. Hausflur<\/span><\/span><\/span><\/p>\n<p><span style=\"color: #000000;\"><span style=\"font-family: Arial, serif;\">Bei Auswahl:\u00a0<\/span><\/span><span style=\"color: #000000;\"><span style=\"font-family: Arial, serif;\"><u>&#8211;\u00a0Montageset Schrauben + Kleben &#8211;<\/u><\/span><\/span><span style=\"color: #000000;\"><span style=\"font-family: Arial, serif;\"><span style=\"font-size: small;\"><br \/>\nSind zus\u00e4tzlich, f\u00fcr eine flexible Montage, beide Montagesets Schrauben + Kleben beinhaltet.<br \/>\n<\/span><\/span><\/span><i>2x 4,0x35mm Spax* Senkkopfschrauben\u00a0(passender Bit ist mit im Inhalt)<br \/>\n2x 6mm Fischer* Duo D\u00fcbel<\/i><span style=\"font-family: Times New Roman, serif;\"><span style=\"font-size: medium;\"><span style=\"color: #000000;\"><span style=\"font-family: Arial, serif;\"><span style=\"font-size: small;\"><br \/>\nund<br \/>\n2x Tesa* Powerstrips*\u00a0-&gt; f\u00fcr eine Montage im gesch\u00fctzten Bereich z.B. Hausflur<\/span><\/span><\/span><\/span><\/span><\/p>\n<p><span style=\"color: #000000;\"><span style=\"font-family: Arial, serif;\">Bei Auswahl:\u00a0<\/span><\/span><span style=\"color: #000000;\"><span style=\"font-family: Arial, serif;\"><u>&#8211; ohne Montagematerial &#8211;<\/u><\/span><\/span><span style=\"color: #000000;\"><span style=\"font-family: Arial, serif;\"><span style=\"font-size: small;\"><u><br \/>\n<\/u><\/span><\/span><\/span><span style=\"color: #000000;\"><span style=\"font-family: Arial, serif;\"><span style=\"font-size: small;\">Ben\u00f6tigen Sie f\u00fcr eine\u00a0Montage\u00a0zus\u00e4tzlich:<br \/>\n2x 4,0x35mm Senkkopfschrauben, Schraubenkopfdurchmesser max. 8mm -&gt; nicht enthalten<br \/>\n2x 6mm D\u00fcbel -&gt; nicht enthalten<br \/>\noder<br \/>\n2x Klebepads 20*40mm\u00a0-&gt; nicht enthalten<\/span><\/span><\/span><\/p>\n<p><span style=\"color: #000000;\"><span style=\"font-family: Arial, serif;\"><i>-&gt; Die Sets sind modular. Ein sp\u00e4terer Wechsel aller Komponenten ist nachtr\u00e4glich,<br \/>\nje nach Einsatzort: Art, Farbe, oder bei Besch\u00e4digung einzelne Komponenten, jederzeit m\u00f6glich.<br \/>\nEs muss nicht das ganze Set neu gekauft werden! &lt;-<\/i><\/span><\/span><\/p>\n<p><span style=\"color: #000000;\"><span style=\"font-family: Arial, serif;\">Siehe hier:\u00a0<\/span><\/span><a href=\"https:\/\/www.ebay.de\/itm\/335198432822\"><span style=\"font-family: Arial, serif;\">Tausch \/ Ersatzteil Schutzcover &#8211; klappbar &#8211; Nuki Keypad 1 &amp; 2.0 PrintBearDesign | eBay<\/span><\/a><span style=\"font-family: Arial, serif;\"><span style=\"font-size: small;\"><br \/>\n<\/span><\/span><\/p>\n<p>&nbsp;<\/p>\n<p><span style=\"color: #000000;\"><span style=\"font-family: Arial, serif;\"><i><u>Montagehinweise:<br \/>\n<\/u><\/i><\/span><\/span><span style=\"color: #000000;\"><span style=\"font-family: Arial, serif;\"><span style=\"font-size: small;\"><i><br \/>\nJe nach gew\u00fcnschter Montageart kann die\u00a0Halterung\u00a0entweder Flach, oder zus\u00e4tzlich auf den Eck\/Winkel Adapter um 45\u00b0 schr\u00e4g montiert, verwendet werden.<br \/>\nAnschlie\u00dfend wird diese an zu befestigender Stelle geklebt, geschraubt oder ged\u00fcbelt.<\/i><\/span><\/span><\/span><\/p>\n<p><span style=\"color: #000000;\"><span style=\"font-family: Arial, serif;\"><span style=\"font-size: small;\"><i><u>Die Verwendung in dauerhafter, direkter Sonneneinstrahlung wird nicht empfohlen.<\/u><\/i><\/span><\/span><\/span><span style=\"color: #000000;\"><span style=\"font-family: Arial, serif;\"><span style=\"font-size: small;\"><i>\u00a0<\/i><\/span><\/span><\/span><\/p>\n<p><span style=\"font-family: Times New Roman, serif;\"><span style=\"font-size: medium;\"><span style=\"color: #000000;\"><span style=\"font-family: Arial, serif;\"><span style=\"font-size: small;\"><i>Das Nuki Keypad 2.0 wird ohne die originale Klebefolie\u00a0in den Halter gelegt.<br \/>\nDer Rahmen wird oben eingehangen und \u00fcber den Keypad Halter herunter geklappt und anschlie\u00dfend mit der beiliegenden Sicherheitsschraube und dem Torx-Loch-Bit unten verschraubt.<br \/>\n-&gt; Es ist nur ein leichtes Anzugmoment, gegen\u00a0herunterfallen\u00a0der Schraube n\u00f6tig, da die Schraube bei versuchten \u00d6ffnen keiner Zug- sondern einer Scher-Kraft\u00a0ausgesetzt\u00a0ist.<br \/>\n-&gt; Ein leichtes Anzugdrehmoment von 2Nm der Edelstahlsicherheitsschraube f\u00fcr Thermoplaste ist daher ausreichend.\u00a0<\/i><\/span><\/span><\/span><\/span><\/span><\/p>\n<p><span style=\"font-family: Times New Roman, serif;\"><span style=\"font-size: medium;\"><span style=\"color: #000000;\"><span style=\"font-family: Arial, serif;\"><span style=\"font-size: small;\"><i>Zur Befestigung mittels Verschraubung an der Wand werden je nach Anzahl der zu verwendeten Schraubenanzahl ein, zwei oder drei L\u00f6cher gebohrt und die Halterung damit verschraubt.<br \/>\nEine Verschraubung mit mehreren Schrauben ist sicherer und ist bei loserem Untergrund vorzuziehen<br \/>\n<\/i><\/span><\/span><\/span><span style=\"color: #000000;\"><span style=\"font-family: Arial, serif;\"><span style=\"font-size: small;\"><br \/>\n<\/span><\/span><\/span><span style=\"color: #000000;\"><span style=\"font-family: Arial, serif;\"><span style=\"font-size: small;\"><i>-&gt; Die geschraubte Montage ist sicherer und sch\u00fctzt st\u00e4rker vor Diebstahl als die geklebte Variante. &lt;-<\/i><\/span><\/span><\/span><\/span><\/span><\/p>\n<p><span style=\"color: #000000;\"><span style=\"font-family: Arial, serif;\"><span style=\"font-size: small;\"><i><u>Verwendung der Klebepads:<\/u><\/i><\/span><\/span><\/span><span style=\"color: #000000;\"><span style=\"font-family: Arial, serif;\"><span style=\"font-size: small;\"><br \/>\n<\/span><\/span><\/span><span style=\"color: #000000;\"><span style=\"font-family: Arial, serif;\"><span style=\"font-size: small;\"><i>Zu Befestigung mittels Klebepads wird die Halterung an gew\u00fcnschte Stelle nur aufgeklebt.<\/i><\/span><\/span><\/span><\/p>\n<p><span style=\"font-family: Times New Roman, serif;\"><span style=\"font-size: medium;\"><span style=\"color: #000000;\"><span style=\"font-family: Arial, serif;\"><span style=\"font-size: small;\"><i>-&gt; Vor der Montage ist an einer nicht sichtbaren Stelle zu testen, ob eine besch\u00e4digungsfreie Demontage m\u00f6glich ist. &lt;-<\/i><\/span><\/span><\/span><\/span><\/span><\/p>\n<p>&nbsp;<\/p>\n<p><span style=\"font-family: Times New Roman, serif;\"><span style=\"font-size: medium;\"><span style=\"color: #000000;\"><span style=\"font-family: Arial, serif;\"><span style=\"font-size: small;\"><i>-&gt; Eine Haftung bei Besch\u00e4digung wird nicht \u00fcbernommen! &lt;-<\/i><\/span><\/span><\/span><span style=\"color: #000000;\"><span style=\"font-family: Arial, serif;\"><span style=\"font-size: small;\"><br \/>\n<\/span><\/span><\/span><span style=\"color: #000000;\"><span style=\"font-family: Arial, serif;\"><span style=\"font-size: small;\"><i><br \/>\n<\/i><\/span><\/span><\/span><span style=\"color: #000000;\"><span style=\"font-family: Arial, serif;\"><span style=\"font-size: small;\"><i><u>Montage der Klebepads:<\/u><\/i><\/span><\/span><\/span><span style=\"color: #000000;\"><span style=\"font-family: Arial, serif;\"><span style=\"font-size: small;\"><br \/>\n<\/span><\/span><\/span><span style=\"color: #000000;\"><span style=\"font-family: Arial, serif;\"><span style=\"font-size: small;\"><i>Die Klebepads werden auf der R\u00fcckseite des Schutzcover-Halters \/ Eck-Winkel-Adapters aufgebracht.<\/i><\/span><\/span><\/span><span style=\"color: #000000;\"><span style=\"font-family: Arial, serif;\"><span style=\"font-size: small;\"><br \/>\n<\/span><\/span><\/span><span style=\"color: #000000;\"><span style=\"font-family: Arial, serif;\"><span style=\"font-size: small;\"><i>Dazu wird das Deckpapier des Klebepads auf einer Seite entfernt und mit der Klebeseite in Richtung der schraffierten Fl\u00e4che von hinten, bis zur markierten roten Linie (auf den Klebepads),<\/i><\/span><\/span><\/span><span style=\"color: #000000;\"><span style=\"font-family: Arial, serif;\"><span style=\"font-size: small;\"><br \/>\n<\/span><\/span><\/span><span style=\"color: #000000;\"><span style=\"font-family: Arial, serif;\"><span style=\"font-size: small;\"><i>in den Schutzcover-Halter eingeschoben und auf der schraffierten Fl\u00e4che fest aufgedr\u00fcckt.<\/i><\/span><\/span><\/span><span style=\"color: #000000;\"><span style=\"font-family: Arial, serif;\"><span style=\"font-size: small;\"><br \/>\n<\/span><\/span><\/span><span style=\"color: #000000;\"><span style=\"font-family: Arial, serif;\"><span style=\"font-size: small;\"><i>Nach Anbringung beider Klebepads werden nun die beiden \u00e4u\u00dferen Deckpapiere entfernt und der Schutzcover-Halter an gew\u00fcnschter, vorbereiteter, stelle fest angedr\u00fcckt.<\/i><\/span><\/span><\/span><span style=\"color: #000000;\"><span style=\"font-family: Arial, serif;\"><span style=\"font-size: small;\"><br \/>\n<\/span><\/span><\/span><span style=\"color: #000000;\"><span style=\"font-family: Arial, serif;\"><span style=\"font-size: small;\"><i>Der Druck sollte dabei f\u00fcr mindestens 5 Sekunden aufrechterhalten bleiben um eine optimale Haftung zu erreichen.<\/i><\/span><\/span><\/span><span style=\"color: #000000;\"><span style=\"font-family: Arial, serif;\"><span style=\"font-size: small;\"><br \/>\n<\/span><\/span><\/span><span style=\"color: #000000;\"><span style=\"font-family: Arial, serif;\"><span style=\"font-size: small;\"><i>Die innen \u00fcberstehenden Enden der Klebepads werden in die Vertiefung im Halter gedr\u00fcckt oder ebenfalls geklebt.<\/i><\/span><\/span><\/span><span style=\"color: #000000;\"><span style=\"font-family: Arial, serif;\"><span style=\"font-size: small;\"><br \/>\n<\/span><\/span><\/span><span style=\"color: #000000;\"><span style=\"font-family: Arial, serif;\"><span style=\"font-size: small;\"><i>Hierzu wird bei Bedarf auf der Seite die in die Vertiefung gedr\u00fcckt werden soll die kleine durchsichtige Folie mit der roten Linie entfernt und in die Vertiefung gedr\u00fcckt.<\/i><\/span><\/span><\/span><\/span><\/span><\/p>\n<p><span style=\"color: #000000;\"><span style=\"font-family: Arial, serif;\"><span style=\"font-size: small;\"><i>-&gt; Die durchsichtige Schutzfolie der Klebepads auf der Seite zum Nuki Keypad wird nicht entfernt!<\/i><\/span><\/span><\/span><\/p>\n<p><span style=\"color: #000000;\"><span style=\"font-family: Arial, serif;\"><span style=\"font-size: small;\"><i><u>Demontage der Klebepads<\/u><\/i><\/span><\/span><\/span><span style=\"color: #000000;\"><span style=\"font-family: Arial, serif;\"><span style=\"font-size: small;\"><u>:<\/u><\/span><\/span><\/span><span style=\"color: #000000;\"><span style=\"font-family: Arial, serif;\"><span style=\"font-size: small;\"><i><br \/>\nBei der Demontage werden die Klebepads auf der Innenseite des Schutzcover-Halters gel\u00f6st und m\u00f6glichst diagonal zur Kleberichtung vorsichtig abgezogen.<\/i><\/span><\/span><\/span><\/p>\n<p><span style=\"color: #000000;\"><span style=\"font-family: Arial, serif;\"><span style=\"font-size: small;\"><i>-&gt; Nicht im rechten Winkel zur Klebefl\u00e4che, da die Klebepads sonst reisen k\u00f6nnen!<\/i><\/span><\/span><\/span><\/p>\n<p><span style=\"color: #000000;\"><span style=\"font-family: Arial, serif;\"><span style=\"font-size: small;\"><i><u>Note:<\/u><\/i><\/span><\/span><\/span><span style=\"color: #000000;\"><span style=\"font-family: Arial, serif;\"><span style=\"font-size: small;\"><i><br \/>\nDie Klebepads sind f\u00fcr die Verwendung im witterungsgesch\u00fctzten Bereich gedacht.<\/i><\/span><\/span><\/span><span style=\"color: #000000;\"><span style=\"font-family: Arial, serif;\"><span style=\"font-size: small;\"><br \/>\n<\/span><\/span><\/span><span style=\"color: #000000;\"><span style=\"font-family: Arial, serif;\"><span style=\"font-size: small;\"><i>Die Haltekraft der Pads betr\u00e4gt laut Hersteller bis zu 2KG pro Powerstrip und geeignetem Untergrund.<\/i><\/span><\/span><\/span><span style=\"color: #000000;\"><span style=\"font-family: Arial, serif;\"><span style=\"font-size: small;\"><br \/>\n<\/span><\/span><\/span><span style=\"color: #000000;\"><span style=\"font-family: Arial, serif;\"><span style=\"font-size: small;\"><i>Bei der Montage sollte die Umgebungstemperatur zwischen 15\u00b0-40\u00b0 liegen.<\/i><\/span><\/span><\/span><span style=\"color: #000000;\"><span style=\"font-family: Arial, serif;\"><span style=\"font-size: small;\"><br \/>\n<\/span><\/span><\/span><span style=\"color: #000000;\"><span style=\"font-family: Arial, serif;\"><span style=\"font-size: small;\"><i>Die zu beklebende Fl\u00e4che ist vor dem Anbringen zu reinigen und sollte trocken und fettfrei sein.<br \/>\n<\/i><\/span><\/span><\/span><\/p>\n<p>&nbsp;<\/p>\n<p><span style=\"font-family: Times New Roman, serif;\"><span style=\"font-size: medium;\"><span style=\"color: #000000;\"><span style=\"font-size: small;\">&#8211; Angeboten wird nur der Adapter von PrintBearDesign in der Farbe Schwarz. Abgebildete Farben und Formen k\u00f6nnen abweichen.\u00a0<\/span><\/span><span style=\"color: #000000;\"><span style=\"font-family: Arial, serif;\"><br \/>\n<\/span><\/span><span style=\"color: #000000;\"><span style=\"font-size: small;\">Die abgebildeten Produkte dienen nur der Veranschaulichung und sind nicht Bestandteil des Angebots. &#8211;<\/span><\/span><span style=\"color: #000000;\"><span style=\"font-family: Arial, serif;\"><br \/>\n<\/span><\/span><span style=\"color: #000000;\"><span style=\"font-family: Arial, serif;\"><br \/>\n<\/span><\/span><span style=\"color: #000000;\"><span style=\"font-size: small;\">&#8211; Der Adapter wird im 3D Druckschichtverfahren, je nach Auswahl in PLA-Plastik, oder PET-G Plastik hergestellt<br \/>\nund weist die typischen Produktionsmerkmale (Layer und Z-Naht) auf &#8211;<\/span><\/span><span style=\"color: #000000;\"><span style=\"font-family: Arial, serif;\"><br \/>\n<\/span><\/span><span style=\"color: #000000;\"><span style=\"font-family: Arial, serif;\"><br \/>\n<\/span><\/span><span style=\"color: #000000;\"><span style=\"font-size: small;\">&#8211; PLA Plastik wird aus nachwachsenden Rohstoffen hergestellt und ist nach DIN EN 13432 industriell kompostierbar.<br \/>\nEs ist daher umweltvertr\u00e4glicher als andere vergleichbare Kunststoffe.<br \/>\n<\/span><\/span><\/span><\/span><span style=\"font-family: Times New Roman, serif;\"><span style=\"color: #000000;\"><span style=\"font-size: small;\">\u00a0PET-G Plastik ist zu 100% recyclebar. &#8211;<\/span><\/span><\/span><\/p>\n<p><span style=\"font-family: Arial, serif;\">&#8211;\u00a0<\/span><span style=\"color: #000000;\"><span style=\"font-size: small;\">PLA ist formstabil bis ca. +60\u00b0 Celsius. Die Verwendung in freier direkter Sonneneinstrahlung ist nicht m\u00f6glich.<br \/>\nPET-G ist formstabil bis +80\u00b0C.\u00a0<\/span><\/span>Die Verwendung in dauerhafter, direkter Sonneneinstrahlung wird nicht empfohlen\u00a0\u00a0&#8211;<\/p>\n<p><span style=\"font-family: Times New Roman, serif;\"><span style=\"color: #000000;\"><span style=\"font-family: Arial, serif;\"><br \/>\n<\/span><\/span><span style=\"color: #000000;\"><span style=\"font-size: small;\">&#8211; PrintBearDesign ist in Deutschland nach \u00a7 19 Abs. 1 UStG als Kleingewerbetreibender registriert.\u00a0<\/span><\/span><span style=\"color: #000000;\"><span style=\"font-family: Arial, serif;\"><br \/>\n<\/span><\/span><span style=\"color: #000000;\"><span style=\"font-size: small;\">\u00a0Eine Ausweisung der Mehrwertsteuer auch USt. ist daher nicht m\u00f6glich. &#8211;<\/span><\/span><\/span><\/p>\n<p><span style=\"color: #000000;\"><span style=\"font-size: small;\">&#8211; F\u00fcr einen unsachgem\u00e4\u00dfen Gebrauch wird keine Haftung \u00fcbernommen.\u00a0<\/span><\/span><span style=\"color: #000000;\"><span style=\"font-family: Arial, serif;\"><br \/>\n<\/span><\/span><span style=\"color: #000000;\"><span style=\"font-size: small;\">\u00a0Bitte Beachten Sie auch die allgemeinen Gesch\u00e4ftsbedingungen (AGB) &#8211;\u00a0<\/span><\/span><\/p>\n<p><span style=\"font-family: Times New Roman, serif;\"><span style=\"font-size: medium;\"><span style=\"color: #000000;\"><span style=\"font-size: small;\">* gesch\u00fctzter Markenname\u00a0<\/span><\/span><\/span><\/span><\/p>\n","protected":false},"excerpt":{"rendered":"<p>Schutzcover mit Vordach f\u00fcr Nuki Keypad 2.0 in Schwarz &#8211; klappbare Version (&gt;&gt;NUKI Keypad\u00a0mit\u00a0Fingerabdrucksensor&lt;&lt;) Um ein Nuki Keypad richtig nutzen zu k\u00f6nnen muss es i.d.R. vor der Wohnungs-\/Haust\u00fcre angebracht werden. Leider ist das Keypad nicht g\u00fcnstig und werksseitig auch nicht vor Diebstahl und Vandalismus gesch\u00fctzt. Die Grundplatte wird werksseitig nur auf die Wand geklebt und [&hellip;]<\/p>\n","protected":false},"featured_media":77,"comment_status":"open","ping_status":"closed","template":"","meta":{"site-container-style":"default","site-container-layout":"default","site-sidebar-layout":"default","disable-article-header":"default","disable-site-header":"default","disable-site-footer":"default","disable-content-area-spacing":"default"},"product_brand":[],"product_cat":[18],"product_tag":[],"class_list":{"0":"post-75","1":"product","2":"type-product","3":"status-publish","4":"has-post-thumbnail","6":"product_cat-nuki","8":"first","9":"instock","10":"shipping-taxable","11":"product-type-simple"},"jetpack_sharing_enabled":true,"_links":{"self":[{"href":"https:\/\/printbear.teleschirm.org\/index.php?rest_route=\/wp\/v2\/product\/75","targetHints":{"allow":["GET"]}}],"collection":[{"href":"https:\/\/printbear.teleschirm.org\/index.php?rest_route=\/wp\/v2\/product"}],"about":[{"href":"https:\/\/printbear.teleschirm.org\/index.php?rest_route=\/wp\/v2\/types\/product"}],"replies":[{"embeddable":true,"href":"https:\/\/printbear.teleschirm.org\/index.php?rest_route=%2Fwp%2Fv2%2Fcomments&post=75"}],"wp:featuredmedia":[{"embeddable":true,"href":"https:\/\/printbear.teleschirm.org\/index.php?rest_route=\/wp\/v2\/media\/77"}],"wp:attachment":[{"href":"https:\/\/printbear.teleschirm.org\/index.php?rest_route=%2Fwp%2Fv2%2Fmedia&parent=75"}],"wp:term":[{"taxonomy":"product_brand","embeddable":true,"href":"https:\/\/printbear.teleschirm.org\/index.php?rest_route=%2Fwp%2Fv2%2Fproduct_brand&post=75"},{"taxonomy":"product_cat","embeddable":true,"href":"https:\/\/printbear.teleschirm.org\/index.php?rest_route=%2Fwp%2Fv2%2Fproduct_cat&post=75"},{"taxonomy":"product_tag","embeddable":true,"href":"https:\/\/printbear.teleschirm.org\/index.php?rest_route=%2Fwp%2Fv2%2Fproduct_tag&post=75"}],"curies":[{"name":"wp","href":"https:\/\/api.w.org\/{rel}","templated":true}]}}