{"id":97,"date":"2025-12-31T12:38:44","date_gmt":"2025-12-31T12:38:44","guid":{"rendered":"https:\/\/printbear.teleschirm.org\/?post_type=product&#038;p=97"},"modified":"2025-12-31T12:40:01","modified_gmt":"2025-12-31T12:40:01","slug":"adapter-fur-bosch-professional-gks-12v-26-und-bosch-fuhrungsschiene","status":"publish","type":"product","link":"https:\/\/printbear.teleschirm.org\/?product=adapter-fur-bosch-professional-gks-12v-26-und-bosch-fuhrungsschiene","title":{"rendered":"Adapter f\u00fcr Bosch Professional GKS 12V-26 und Bosch F\u00fchrungsschiene"},"content":{"rendered":"<p dir=\"ltr\"><span style=\"font-family: Verdana;\">Adapter f\u00fcr Bosch Professional GKS 12V-26 und der Bosch F\u00fchrungsschiene FSN<\/span><\/p>\n<p dir=\"ltr\"><span style=\"font-family: Verdana;\">Bosch bietet leider keinen passenden Adapter f\u00fcr die GKS 12V-26\u00a0und der F\u00fchrungsschiene FSN in ihrem Sortiment an.\u00a0<\/span><\/p>\n<p dir=\"ltr\"><span style=\"font-family: Verdana;\">Daher habe ich diesen Adapter designt um auch gerade Schnitte mit der GKS 12V-26 und der Bosch F\u00fchrungsschiene FSN durchzuf\u00fchren.\u00a0<\/span><\/p>\n<p dir=\"ltr\"><span style=\"font-family: Verdana;\">-&gt; Je nach Holz bzw. Materialart geeignetes, standfestes S\u00e4geblatt vorausgesetzt. &lt;-<\/span><\/p>\n<p dir=\"ltr\"><i>Bitte vor dem Kauf beachten!<\/i><\/p>\n<p dir=\"ltr\"><i>Um einen noch h\u00f6her zu beanspruchenden Adapter anbieten zu k\u00f6nnen, habe ich die Filament Art gewechselt.\u00a0<\/i><\/p>\n<p dir=\"ltr\"><i>-&gt; Die neue Farbe ist ein helles Grau. &lt;-\u00a0<\/i><\/p>\n<p dir=\"ltr\"><span style=\"font-family: Verdana;\"><u>Zur Anwendung:<\/u>\u00a0<\/span><\/p>\n<p dir=\"ltr\">&#8211; Die Kreiss\u00e4ge wird in den Adapter geklickt und mittels einer seitlichen Verriegelung fest arretiert.<\/p>\n<p dir=\"ltr\"><span style=\"font-family: Verdana;\">-&gt; Es ist m\u00f6glich die Kreiss\u00e4ge\u00a0in beide Richtungen zu verwenden.\u00a0<\/span><\/p>\n<p dir=\"ltr\"><span style=\"font-family: Verdana;\">&#8211; Zum L\u00f6sen den B\u00fcgel auf der Innenseite leicht nach hinten ziehen und die Kreiss\u00e4ge\u00a0l\u00e4sst sich wieder entnehmen.\u00a0<\/span><\/p>\n<p dir=\"ltr\"><span style=\"font-family: Verdana;\">-&gt; So ist ein schnelles entnehmen, Wechsel des S\u00e4geblattes, sowie ein schneller Wechsel der Schnittrichtungen jederzeit, werkzeuglos, m\u00f6glich.\u00a0<\/span><\/p>\n<p dir=\"ltr\">Ich hoffe der Adapter wird auch ein hilfreiches Werkzeug in Ihrer Hobby-Werkstatt.<\/p>\n<p dir=\"ltr\">&#8211; Angeboten wird nur der Adapter von PrintBearDesign in der Farbe hellgrau.<\/p>\n<p dir=\"ltr\">\u00a0 Die abgebildeten Produkte dienen nur der Veranschaulichung und sind nicht Bestandteil des Angebots. &#8211;<\/p>\n<p dir=\"ltr\">&#8211; Der Adapter wird im 3D Druckschichtverfahren, in PET-G-Plastik, hergestellt und weist die<\/p>\n<p dir=\"ltr\">\u00a0 typischen Produktionsmerkmale (Layer) auf &#8211;<\/p>\n<p dir=\"ltr\">&#8211; PET-G hat eine Erweichungstemperatur von \u00fcber +80\u00b0Celsius und ist formstabil bis ca. +70\u00b0 Celsius.<\/p>\n<p dir=\"ltr\">\u00a0 Es ist f\u00fcr den Au\u00dfenbereich geeignet, es wird aber von der Verwendung in dauerhafter, direkter Sonneneinstrahlung abgeraten.<\/p>\n<p dir=\"ltr\">\u00a0 PETG geh\u00f6rt zu den recyclebaren Kunststoffen. &#8211;<\/p>\n<p dir=\"ltr\">&#8211; Abgebildete Farben und Formen k\u00f6nnen abweichen &#8211;<\/p>\n<p dir=\"ltr\">&#8211; PrintBearDesign ist in Deutschland nach \u00a7 19 Abs. 1 UStG als Kleingewerbetreibender registriert.<\/p>\n<p dir=\"ltr\">\u00a0 Eine Ausweisung der Mehrwertsteuer auch USt. kann daher leider nicht erfolgen. &#8211;<\/p>\n<p dir=\"ltr\">&#8211; F\u00fcr einen unsachgem\u00e4\u00dfen Gebrauch wird keine Haftung \u00fcbernommen.<\/p>\n<p dir=\"ltr\">\u00a0 Bitte Beachten sie auch die allgemeinen Gesch\u00e4ftsbedingungen (AGB) &#8211;<\/p>\n","protected":false},"excerpt":{"rendered":"<p>Adapter f\u00fcr Bosch Professional GKS 12V-26 und der Bosch F\u00fchrungsschiene FSN Bosch bietet leider keinen passenden Adapter f\u00fcr die GKS 12V-26\u00a0und der F\u00fchrungsschiene FSN in ihrem Sortiment an.\u00a0 Daher habe ich diesen Adapter designt um auch gerade Schnitte mit der GKS 12V-26 und der Bosch F\u00fchrungsschiene FSN durchzuf\u00fchren.\u00a0 -&gt; Je nach Holz bzw. Materialart geeignetes, [&hellip;]<\/p>\n","protected":false},"featured_media":99,"comment_status":"open","ping_status":"closed","template":"","meta":{"site-container-style":"default","site-container-layout":"default","site-sidebar-layout":"default","disable-article-header":"default","disable-site-header":"default","disable-site-footer":"default","disable-content-area-spacing":"default"},"product_brand":[],"product_cat":[22],"product_tag":[],"class_list":{"0":"post-97","1":"product","2":"type-product","3":"status-publish","4":"has-post-thumbnail","6":"product_cat-tools","8":"first","9":"instock","10":"shipping-taxable","11":"product-type-simple"},"jetpack_sharing_enabled":true,"_links":{"self":[{"href":"https:\/\/printbear.teleschirm.org\/index.php?rest_route=\/wp\/v2\/product\/97","targetHints":{"allow":["GET"]}}],"collection":[{"href":"https:\/\/printbear.teleschirm.org\/index.php?rest_route=\/wp\/v2\/product"}],"about":[{"href":"https:\/\/printbear.teleschirm.org\/index.php?rest_route=\/wp\/v2\/types\/product"}],"replies":[{"embeddable":true,"href":"https:\/\/printbear.teleschirm.org\/index.php?rest_route=%2Fwp%2Fv2%2Fcomments&post=97"}],"wp:featuredmedia":[{"embeddable":true,"href":"https:\/\/printbear.teleschirm.org\/index.php?rest_route=\/wp\/v2\/media\/99"}],"wp:attachment":[{"href":"https:\/\/printbear.teleschirm.org\/index.php?rest_route=%2Fwp%2Fv2%2Fmedia&parent=97"}],"wp:term":[{"taxonomy":"product_brand","embeddable":true,"href":"https:\/\/printbear.teleschirm.org\/index.php?rest_route=%2Fwp%2Fv2%2Fproduct_brand&post=97"},{"taxonomy":"product_cat","embeddable":true,"href":"https:\/\/printbear.teleschirm.org\/index.php?rest_route=%2Fwp%2Fv2%2Fproduct_cat&post=97"},{"taxonomy":"product_tag","embeddable":true,"href":"https:\/\/printbear.teleschirm.org\/index.php?rest_route=%2Fwp%2Fv2%2Fproduct_tag&post=97"}],"curies":[{"name":"wp","href":"https:\/\/api.w.org\/{rel}","templated":true}]}}